{"id":42,"date":"2020-07-26T06:02:48","date_gmt":"2020-07-26T04:02:48","guid":{"rendered":"http:\/\/s842438183.onlinehome.us\/?page_id=42"},"modified":"2025-02-10T11:36:39","modified_gmt":"2025-02-10T00:36:39","slug":"stephane-thomas-designer-diplome-de-lecole-boulle-a-paris","status":"publish","type":"page","link":"https:\/\/www.ledesignsocial.nc\/index.php\/stephane-thomas-designer-diplome-de-lecole-boulle-a-paris\/","title":{"rendered":"St\u00e9phane THOMAS Designer"},"content":{"rendered":"\n<h3 class=\"wp-block-heading\"><em>Designer, dipl\u00f4m\u00e9 de l&rsquo;\u00e9cole BOULLE \u00e0 Paris.<\/em><br>Int\u00e9grer les usagers au c\u0153ur du projet (r\u00e9novation urbaine, construction, transformation de services) pour co-concevoir des espaces ou services adapt\u00e9s \u00e0 leurs r\u00e9els besoins I Design social I Architecte d\u2019int\u00e9rieur<\/h3>\n\n\n\n<figure class=\"wp-block-image size-full is-resized\"><img loading=\"lazy\" decoding=\"async\" width=\"1920\" height=\"2560\" src=\"https:\/\/www.ledesignsocial.nc\/wp-content\/uploads\/2025\/02\/IMG_5328-scaled.jpeg\" alt=\"Int\u00e9grer les usagers au c\u0153ur du projet (r\u00e9novation urbaine, construction, transformation de services) pour co-concevoir des espaces ou services adapt\u00e9s \u00e0 leurs r\u00e9els besoins I Design social I Architecte d\u2019int\u00e9rieur\" class=\"wp-image-216\" style=\"aspect-ratio:1;object-fit:cover;width:374px;height:auto\" srcset=\"https:\/\/www.ledesignsocial.nc\/wp-content\/uploads\/2025\/02\/IMG_5328-scaled.jpeg 1920w, https:\/\/www.ledesignsocial.nc\/wp-content\/uploads\/2025\/02\/IMG_5328-225x300.jpeg 225w, https:\/\/www.ledesignsocial.nc\/wp-content\/uploads\/2025\/02\/IMG_5328-768x1024.jpeg 768w, https:\/\/www.ledesignsocial.nc\/wp-content\/uploads\/2025\/02\/IMG_5328-1152x1536.jpeg 1152w, https:\/\/www.ledesignsocial.nc\/wp-content\/uploads\/2025\/02\/IMG_5328-1536x2048.jpeg 1536w, https:\/\/www.ledesignsocial.nc\/wp-content\/uploads\/2025\/02\/IMG_5328-700x933.jpeg 700w\" sizes=\"auto, (max-width: 1920px) 100vw, 1920px\" \/><\/figure>\n\n\n\n<h2 class=\"wp-block-heading\"><span style=\"color:#e44906\" class=\"has-inline-color\"><strong>Mes valeurs fondamentales<\/strong><\/span><\/h2>\n\n\n\n<p><span style=\"color:#e44906\" class=\"has-inline-color\"><strong>Mes valeurs fondamentales, mes informations<\/strong><\/span><\/p>\n\n\n\n<ul class=\"wp-block-list\">\n<li><strong>L&rsquo;observation<\/strong>&nbsp;de la vie de tous les jours est utile dans mon travail.<\/li>\n\n\n\n<li>L&rsquo;<strong>aptitude<\/strong>&nbsp;\u00e0 capter et \u00e0 ressentir la notion d&rsquo;espace, de se situer.<\/li>\n\n\n\n<li>La capacit\u00e9 de&nbsp;<strong>vivre les \u00e9motions<\/strong>&nbsp;qui nous entourent, avoir une envie forte de les mat\u00e9rialiser.<\/li>\n\n\n\n<li>Le besoin de&nbsp;<strong>maitriser<\/strong>&nbsp;les outils et les modalit\u00e9s pour exercer mon savoir-faire.<\/li>\n\n\n\n<li>Ma&nbsp;<strong>curiosit\u00e9<\/strong>&nbsp;m\u2019enrichit de nouveaux savoirs, c&rsquo;est une qu\u00eate perp\u00e9tuelle.<\/li>\n\n\n\n<li>Ma capacit\u00e9 \u00e0 ressentir le&nbsp;<strong>besoin de l&rsquo;usager<\/strong>, l&rsquo;accompagner pour arriver \u00e0 le formuler et le mat\u00e9rialiser.<\/li>\n\n\n\n<li>J&rsquo;appr\u00e9cie cet&nbsp;<strong>\u00e9change<\/strong>&nbsp;avec l&rsquo;autre qui valorise les deux parties.<\/li>\n<\/ul>\n\n\n\n<blockquote class=\"wp-block-quote is-style-default is-layout-flow wp-block-quote-is-layout-flow\">\n<p class=\"has-text-align-center\"><em>Immerger et transcrire l&rsquo;imaginaire pour le rendre lisible par tous<\/em><\/p>\n\n\n\n<h2 class=\"wp-block-heading has-text-align-left\"><\/h2>\n<\/blockquote>\n\n\n\n<p>Le design, ce n\u2019est pas juste une affaire d\u2019esth\u00e9tique. C\u2019est un outil puissant pour changer la donne.<br>J\u2019ai grandi dans un milieu o\u00f9 les \u00e9tudes n\u2019\u00e9taient pas une priorit\u00e9. L\u2019art et la cr\u00e9ation ont \u00e9t\u00e9 mon passeport vers un monde o\u00f9 tout \u00e9tait possible.<br>Dipl\u00f4m\u00e9 de l\u2019\u00e9cole Boulle, j\u2019ai rapidement compris que le design pouvait bien plus que rendre les choses jolies : il pouvait cr\u00e9er du lien, r\u00e9soudre des probl\u00e8mes et am\u00e9liorer le quotidien. J\u2019ai lanc\u00e9 ma bo\u00eete \u00e0 Toulouse, collabor\u00e9 avec de grandes marques, puis travaill\u00e9 avec l\u2019Agence Spatiale Europ\u00e9enne, o\u00f9 j\u2019ai aid\u00e9 des experts \u00e0 concevoir un langage commun entre scientifiques, ing\u00e9nieurs et chercheurs.<br><br>\u2b1b\ufe0f 15 ans \u00e0 repenser les espaces en Nouvelle-Cal\u00e9donie<br>Quand j\u2019ai fond\u00e9 VU DU PHARE, mon objectif \u00e9tait clair : transformer les espaces pour am\u00e9liorer la vie des gens.<br><br>Chaque projet a \u00e9t\u00e9 un d\u00e9fi, mais aussi une opportunit\u00e9 de faire bouger les lignes :<br><br>+ R\u00e9nover le Congr\u00e8s et repenser son fonctionnement pour en faire un lieu plus efficace et accessible<br>+ Transformer l\u2019int\u00e9rieur des avions Aircalin pour une meilleure exp\u00e9rience passager<br>+ Imaginer les agences de demain pour l\u2019OPT, avec un accueil du public plus fluide et chaleureux<br>+ Cr\u00e9er des lieux \u00e0 impact, comme Macadam (centre d\u2019accueil pour les sans-abris) ou la Maison de la Famille, un espace o\u00f9 se m\u00ealent les symboles culturels cal\u00e9doniens<br>+ Accompagner le g\u00eete Nata\u00efwatch dans son \u00e9volution sans perdre son identit\u00e9 ni ses valeurs<br><br>En 2012, j\u2019ai co-cr\u00e9\u00e9 le premier espace de coworking en Cal\u00e9donie. \u00c0 l\u2019\u00e9poque, peu y croyaient. Un vrai changement de culture !<br><br>\u2b1b\ufe0f Le Design Social : penser autrement<br>Je vais encore plus loin, en 2020, avec Le Design Social (LeDS) : une approche o\u00f9 l\u2019humain n\u2019est plus une variable d\u2019ajustement, mais le point de d\u00e9part. \u00c7a change quoi concr\u00e8tement ?<br><br>+ Repenser le logement social en int\u00e9grant ceux qui y vivent d\u00e8s la conception<br>+ Simplifier l\u2019acc\u00e8s aux aides sociales avec les CCAS pour qu\u2019elles atteignent r\u00e9ellement les b\u00e9n\u00e9ficiaires<br>+ Faire entendre la voix des habitants dans la r\u00e9novation de leur quartier, \u00e9viter les solutions d\u00e9connect\u00e9es de leurs besoins<br><br>\u2b1b\ufe0f Urbanisme, architecture, design : des leviers de transformation sociale<br>L\u2019espace dans lequel on \u00e9volue fa\u00e7onne notre bien-\u00eatre, notre sant\u00e9, nos interactions sociales. Trop de projets continuent d\u2019\u00eatre pens\u00e9s sans ceux qui vont les vivre. R\u00e9sultat ? Des espaces froids, inadapt\u00e9s, d\u00e9connect\u00e9s des r\u00e9alit\u00e9s.<br><br>Il est urgent d\u2019acc\u00e9l\u00e9rer la transformation et de remettre l\u2019humain au centre des d\u00e9cisions.<br>Ensemble, faisons avancer les choses pour un avenir meilleur !<\/p>\n","protected":false},"excerpt":{"rendered":"<p>Designer, dipl\u00f4m\u00e9 de l&rsquo;\u00e9cole BOULLE \u00e0 Paris.Int\u00e9grer les usagers au c\u0153ur du projet (r\u00e9novation urbaine, construction, transformation de services) pour co-concevoir des espaces ou services adapt\u00e9s \u00e0 leurs r\u00e9els besoins I Design social I Architecte d\u2019int\u00e9rieur Mes valeurs fondamentales Mes valeurs fondamentales, mes informations Immerger et transcrire l&rsquo;imaginaire pour le rendre lisible par tous Le [&hellip;]<\/p>\n","protected":false},"author":1,"featured_media":0,"parent":0,"menu_order":1,"comment_status":"closed","ping_status":"closed","template":"templates\/full-width-page.php","meta":{"footnotes":""},"class_list":["post-42","page","type-page","status-publish","hentry"],"_links":{"self":[{"href":"https:\/\/www.ledesignsocial.nc\/index.php\/wp-json\/wp\/v2\/pages\/42","targetHints":{"allow":["GET"]}}],"collection":[{"href":"https:\/\/www.ledesignsocial.nc\/index.php\/wp-json\/wp\/v2\/pages"}],"about":[{"href":"https:\/\/www.ledesignsocial.nc\/index.php\/wp-json\/wp\/v2\/types\/page"}],"author":[{"embeddable":true,"href":"https:\/\/www.ledesignsocial.nc\/index.php\/wp-json\/wp\/v2\/users\/1"}],"replies":[{"embeddable":true,"href":"https:\/\/www.ledesignsocial.nc\/index.php\/wp-json\/wp\/v2\/comments?post=42"}],"version-history":[{"count":16,"href":"https:\/\/www.ledesignsocial.nc\/index.php\/wp-json\/wp\/v2\/pages\/42\/revisions"}],"predecessor-version":[{"id":222,"href":"https:\/\/www.ledesignsocial.nc\/index.php\/wp-json\/wp\/v2\/pages\/42\/revisions\/222"}],"wp:attachment":[{"href":"https:\/\/www.ledesignsocial.nc\/index.php\/wp-json\/wp\/v2\/media?parent=42"}],"curies":[{"name":"wp","href":"https:\/\/api.w.org\/{rel}","templated":true}]}}