{"id":31,"date":"2020-07-26T05:11:54","date_gmt":"2020-07-26T03:11:54","guid":{"rendered":"http:\/\/s842438183.onlinehome.us\/?page_id=31"},"modified":"2024-07-24T15:19:32","modified_gmt":"2024-07-24T04:19:32","slug":"notre-demarche","status":"publish","type":"page","link":"https:\/\/www.ledesignsocial.nc\/index.php\/notre-demarche\/","title":{"rendered":"Notre d\u00e9marche"},"content":{"rendered":"\n<ul class=\"wp-block-list\">\n<li>VU DU PHARE intervient en Nouvelle Cal\u00e9donie depuis 2009 dans le domaine de l\u2019architecture d\u2019int\u00e9rieure et du design.<\/li>\n\n\n\n<li>D\u00e8s l\u2019origine, l\u2019agence a eu \u00e0 c\u0153ur d\u2019engager l\u2019usager dans le processus de conception afin de garantir un v\u00e9cu appropri\u00e9 \u00e0 ses besoins et \u00e0 ses attentes pour aboutir \u00e0 un projet viable.<\/li>\n\n\n\n<li>Nous souhaitons aujourd\u2019hui aller plus loin dans la d\u00e9marche engag\u00e9e en mettant \u00e0 la disposition des porteurs de projets la m\u00e9thodologie et les outils du design social.<\/li>\n<\/ul>\n\n\n\n<h2 class=\"wp-block-heading\"><strong><span style=\"color:#e44906\" class=\"has-inline-color\">Notre offre de service : <\/span><\/strong><\/h2>\n\n\n\n<h4 class=\"wp-block-heading\"><span style=\"color:#e44906\" class=\"has-inline-color\">Cr\u00e9er un laboratoire d\u2019innovation par les usages.<\/span><\/h4>\n\n\n\n<h3 class=\"wp-block-heading\"><em><span style=\"color:#9b9c9d\" class=\"has-inline-color\">l\u2019Atelier d\u2019Innovation Sociale du Pacifique<\/span><\/em><\/h3>\n\n\n\n<h2 class=\"wp-block-heading\"><span style=\"color:#e44906\" class=\"has-inline-color\">afin de<\/span><\/h2>\n\n\n\n<div class=\"wp-block-group\"><div class=\"wp-block-group__inner-container is-layout-flow wp-block-group-is-layout-flow\">\n<p>Faciliter la recherche de solutions ou d\u2019aboutissements de projets, d\u00e9finir le probl\u00e8me en s\u2019immergeant avec les utilisateurs et les parties prenantes, en vue d\u2019apporter une r\u00e9ponse plus appropri\u00e9e aux besoins des utilisateurs (promotion des exp\u00e9riences).<\/p>\n<\/div><\/div>\n\n\n\n<p>Proposer des \u00e9quipes transdisciplinaires adapt\u00e9es aux projets qui combinent des comp\u00e9tences compl\u00e9mentaires (Design + Ing\u00e9nierie + Social + comp\u00e9tences sp\u00e9cifiques). Ces \u00e9quipes partagent une compr\u00e9hension collective du contexte.<\/p>\n\n\n\n<h2 class=\"wp-block-heading\"><span style=\"color:#e44906\" class=\"has-inline-color\">Vos besoins<\/span><\/h2>\n\n\n\n<ul class=\"wp-block-list\">\n<li>Vous souhaitez am\u00e9liorer votre offre aupr\u00e8s de vos usagers ou de vos clients.<\/li>\n\n\n\n<li>Vous rencontrez des difficult\u00e9s ou des points de blocage dans le d\u00e9veloppement de votre projet.<\/li>\n\n\n\n<li>Vous souhaitez d\u00e9velopper une dynamique commune avec vos partenaires, vos collaborateurs.<\/li>\n<\/ul>\n\n\n\n<h2 class=\"wp-block-heading\"><span style=\"color:#e44906\" class=\"has-inline-color\">Nos modes d\u2019intervention, avec des exemples d&rsquo;applications : <\/span><\/h2>\n\n\n\n<figure class=\"wp-block-pullquote\"><blockquote><p><strong>Le Design Social au Service du Bien Commun<\/strong><\/p><\/blockquote><\/figure>\n\n\n\n<blockquote class=\"wp-block-quote is-layout-flow wp-block-quote-is-layout-flow\">\n<p><\/p>\n<\/blockquote>\n\n\n\n<ul class=\"wp-block-list\">\n<li>Collecte des donn\u00e9es et des pratiques existantes (\u00e9tats des lieux) et d\u00e9finition des objectifs du projet,<\/li>\n\n\n\n<li>Recherche aupr\u00e8s des utilisateurs,<\/li>\n\n\n\n<li>D\u00e9finition des besoins \u00e0 satisfaire,<\/li>\n\n\n\n<li>Pilotage et animation d\u2019ateliers de recherche de solutions,<\/li>\n\n\n\n<li>R\u00e9daction des cahiers des charges de consultation des concepteurs,<\/li>\n\n\n\n<li>Accompagnement dans les phases de prototypage et de test des solutions.<\/li>\n<\/ul>\n\n\n\n<figure class=\"wp-block-image size-large\"><img loading=\"lazy\" decoding=\"async\" width=\"724\" height=\"1024\" src=\"https:\/\/www.ledesignsocial.nc\/wp-content\/uploads\/2024\/07\/DESIGN-SOCIAL-11-juillet-2024-a-15.14.41-3-francais-724x1024.png\" alt=\"\" class=\"wp-image-188\" style=\"object-fit:cover\" srcset=\"https:\/\/www.ledesignsocial.nc\/wp-content\/uploads\/2024\/07\/DESIGN-SOCIAL-11-juillet-2024-a-15.14.41-3-francais-724x1024.png 724w, https:\/\/www.ledesignsocial.nc\/wp-content\/uploads\/2024\/07\/DESIGN-SOCIAL-11-juillet-2024-a-15.14.41-3-francais-212x300.png 212w, https:\/\/www.ledesignsocial.nc\/wp-content\/uploads\/2024\/07\/DESIGN-SOCIAL-11-juillet-2024-a-15.14.41-3-francais-768x1086.png 768w, https:\/\/www.ledesignsocial.nc\/wp-content\/uploads\/2024\/07\/DESIGN-SOCIAL-11-juillet-2024-a-15.14.41-3-francais-1086x1536.png 1086w, https:\/\/www.ledesignsocial.nc\/wp-content\/uploads\/2024\/07\/DESIGN-SOCIAL-11-juillet-2024-a-15.14.41-3-francais-1448x2048.png 1448w, https:\/\/www.ledesignsocial.nc\/wp-content\/uploads\/2024\/07\/DESIGN-SOCIAL-11-juillet-2024-a-15.14.41-3-francais-700x990.png 700w\" sizes=\"auto, (max-width: 724px) 100vw, 724px\" \/><\/figure>\n\n\n\n<figure class=\"wp-block-pullquote has-large-font-size\"><blockquote><p><strong>Pour un service de sant\u00e9 publique<\/strong><br>Cr\u00e9ation d&rsquo;un syst\u00e8me de rendez-vous et d&rsquo;accueil visant \u00e0 r\u00e9duire les temps d&rsquo;attente et \u00e0 am\u00e9liorer l&rsquo;exp\u00e9rience des patients, en particulier pour les personnes \u00e2g\u00e9es et celles avec des besoins sp\u00e9ciaux.<\/p><\/blockquote><\/figure>\n\n\n\n<p class=\"has-medium-font-size\"><strong>\u00c9tapes de l&rsquo;intervention :<\/strong>1. Recherche et Analyse<br>2. Consultation et Participation<br>3. Conception<br>4. Test et Validation<br>5. It\u00e9ration et Am\u00e9lioration<br>6. Impl\u00e9mentation<br>7. Suivi et \u00c9valuation<br>8. Communication et Sensibilisation<\/p>\n\n\n\n<p class=\"has-medium-font-size\"><strong>Cet exemple est valable aussi pour un service administratif voir priv\u00e9.<\/strong><\/p>\n\n\n\n<p><a href=\"https:\/\/www.facebook.com\/hashtag\/ledesignsocial?__eep__=6&amp;__cft__[0]=AZUeaL7RJuOmntYE_p4hmOSMBwak-cONfom88OkfGSyELcrtBUL-Z7gEefBU-F6B_9fxKrpFCVZ5_WAK4COVSmt1Snn8niNimY3I9fCmmwmk3nxVqqtbGl0k4UZsSuVJYCB7G1QcrXqPBzmN6fA30AYhMChQUicfNqBAPuhtPipzEdnn4iQZ8RkA85Z0O5iQ5vs&amp;__tn__=*NK-R\">#ledesignsocial<\/a> <a href=\"https:\/\/www.facebook.com\/hashtag\/sante?__eep__=6&amp;__cft__[0]=AZUeaL7RJuOmntYE_p4hmOSMBwak-cONfom88OkfGSyELcrtBUL-Z7gEefBU-F6B_9fxKrpFCVZ5_WAK4COVSmt1Snn8niNimY3I9fCmmwmk3nxVqqtbGl0k4UZsSuVJYCB7G1QcrXqPBzmN6fA30AYhMChQUicfNqBAPuhtPipzEdnn4iQZ8RkA85Z0O5iQ5vs&amp;__tn__=*NK-R\">#sante<\/a> <a href=\"https:\/\/www.facebook.com\/hashtag\/santepublique?__eep__=6&amp;__cft__[0]=AZUeaL7RJuOmntYE_p4hmOSMBwak-cONfom88OkfGSyELcrtBUL-Z7gEefBU-F6B_9fxKrpFCVZ5_WAK4COVSmt1Snn8niNimY3I9fCmmwmk3nxVqqtbGl0k4UZsSuVJYCB7G1QcrXqPBzmN6fA30AYhMChQUicfNqBAPuhtPipzEdnn4iQZ8RkA85Z0O5iQ5vs&amp;__tn__=*NK-R\">#santepublique<\/a> <a href=\"https:\/\/www.facebook.com\/hashtag\/designsocial?__eep__=6&amp;__cft__[0]=AZUeaL7RJuOmntYE_p4hmOSMBwak-cONfom88OkfGSyELcrtBUL-Z7gEefBU-F6B_9fxKrpFCVZ5_WAK4COVSmt1Snn8niNimY3I9fCmmwmk3nxVqqtbGl0k4UZsSuVJYCB7G1QcrXqPBzmN6fA30AYhMChQUicfNqBAPuhtPipzEdnn4iQZ8RkA85Z0O5iQ5vs&amp;__tn__=*NK-R\">#designsocial<\/a> <a href=\"https:\/\/www.facebook.com\/hashtag\/innovations?__eep__=6&amp;__cft__[0]=AZUeaL7RJuOmntYE_p4hmOSMBwak-cONfom88OkfGSyELcrtBUL-Z7gEefBU-F6B_9fxKrpFCVZ5_WAK4COVSmt1Snn8niNimY3I9fCmmwmk3nxVqqtbGl0k4UZsSuVJYCB7G1QcrXqPBzmN6fA30AYhMChQUicfNqBAPuhtPipzEdnn4iQZ8RkA85Z0O5iQ5vs&amp;__tn__=*NK-R\">#innovations<\/a> <a href=\"https:\/\/www.facebook.com\/hashtag\/durabilite%CC%81?__eep__=6&amp;__cft__[0]=AZUeaL7RJuOmntYE_p4hmOSMBwak-cONfom88OkfGSyELcrtBUL-Z7gEefBU-F6B_9fxKrpFCVZ5_WAK4COVSmt1Snn8niNimY3I9fCmmwmk3nxVqqtbGl0k4UZsSuVJYCB7G1QcrXqPBzmN6fA30AYhMChQUicfNqBAPuhtPipzEdnn4iQZ8RkA85Z0O5iQ5vs&amp;__tn__=*NK-R\">#Durabilit\u00e9<\/a> <a href=\"https:\/\/www.facebook.com\/hashtag\/inclusionn?__eep__=6&amp;__cft__[0]=AZUeaL7RJuOmntYE_p4hmOSMBwak-cONfom88OkfGSyELcrtBUL-Z7gEefBU-F6B_9fxKrpFCVZ5_WAK4COVSmt1Snn8niNimY3I9fCmmwmk3nxVqqtbGl0k4UZsSuVJYCB7G1QcrXqPBzmN6fA30AYhMChQUicfNqBAPuhtPipzEdnn4iQZ8RkA85Z0O5iQ5vs&amp;__tn__=*NK-R\">#Inclusionn<\/a> <a href=\"https:\/\/www.facebook.com\/hashtag\/changementpositif?__eep__=6&amp;__cft__[0]=AZUeaL7RJuOmntYE_p4hmOSMBwak-cONfom88OkfGSyELcrtBUL-Z7gEefBU-F6B_9fxKrpFCVZ5_WAK4COVSmt1Snn8niNimY3I9fCmmwmk3nxVqqtbGl0k4UZsSuVJYCB7G1QcrXqPBzmN6fA30AYhMChQUicfNqBAPuhtPipzEdnn4iQZ8RkA85Z0O5iQ5vs&amp;__tn__=*NK-R\">#changementpositif<\/a><a href=\"https:\/\/www.facebook.com\/hashtag\/hopital?__eep__=6&amp;__cft__[0]=AZUeaL7RJuOmntYE_p4hmOSMBwak-cONfom88OkfGSyELcrtBUL-Z7gEefBU-F6B_9fxKrpFCVZ5_WAK4COVSmt1Snn8niNimY3I9fCmmwmk3nxVqqtbGl0k4UZsSuVJYCB7G1QcrXqPBzmN6fA30AYhMChQUicfNqBAPuhtPipzEdnn4iQZ8RkA85Z0O5iQ5vs&amp;__tn__=*NK-R\"> #hopital<\/a><a href=\"https:\/\/www.facebook.com\/hashtag\/gouvernementnouvellecaledonie?__eep__=6&amp;__cft__[0]=AZUeaL7RJuOmntYE_p4hmOSMBwak-cONfom88OkfGSyELcrtBUL-Z7gEefBU-F6B_9fxKrpFCVZ5_WAK4COVSmt1Snn8niNimY3I9fCmmwmk3nxVqqtbGl0k4UZsSuVJYCB7G1QcrXqPBzmN6fA30AYhMChQUicfNqBAPuhtPipzEdnn4iQZ8RkA85Z0O5iQ5vs&amp;__tn__=*NK-R\"> #gouvernementnouvellecaledonie<\/a><\/p>\n\n\n\n<p><\/p>\n\n\n\n<figure class=\"wp-block-image size-large\"><img loading=\"lazy\" decoding=\"async\" width=\"724\" height=\"1024\" src=\"https:\/\/www.ledesignsocial.nc\/wp-content\/uploads\/2024\/07\/DESIGN-SOCIAL-HOPITAL24-juillet-2024-724x1024.png\" alt=\"\" class=\"wp-image-192\" srcset=\"https:\/\/www.ledesignsocial.nc\/wp-content\/uploads\/2024\/07\/DESIGN-SOCIAL-HOPITAL24-juillet-2024-724x1024.png 724w, https:\/\/www.ledesignsocial.nc\/wp-content\/uploads\/2024\/07\/DESIGN-SOCIAL-HOPITAL24-juillet-2024-212x300.png 212w, https:\/\/www.ledesignsocial.nc\/wp-content\/uploads\/2024\/07\/DESIGN-SOCIAL-HOPITAL24-juillet-2024-768x1086.png 768w, https:\/\/www.ledesignsocial.nc\/wp-content\/uploads\/2024\/07\/DESIGN-SOCIAL-HOPITAL24-juillet-2024-1086x1536.png 1086w, https:\/\/www.ledesignsocial.nc\/wp-content\/uploads\/2024\/07\/DESIGN-SOCIAL-HOPITAL24-juillet-2024-1448x2048.png 1448w, https:\/\/www.ledesignsocial.nc\/wp-content\/uploads\/2024\/07\/DESIGN-SOCIAL-HOPITAL24-juillet-2024-700x990.png 700w\" sizes=\"auto, (max-width: 724px) 100vw, 724px\" \/><\/figure>\n\n\n\n<figure class=\"wp-block-pullquote has-large-font-size\"><blockquote><p><strong>Cr\u00e9er un accueil efficace<\/strong> <br>Comprendre et d&rsquo;int\u00e9grer les besoins des utilisateurs et des parties prenantes tout en favorisant une interaction positive et inclusive.<\/p><\/blockquote><\/figure>\n\n\n\n<p><strong>Voici un exemple simple et un d\u00e9roul\u00e9 sommaire de la m\u00e9thode :<\/strong><\/p>\n\n\n\n<p><strong>D\u00e9roul\u00e9 Sommaire<\/strong><br><strong>Semaine 1-2 : D\u00e9finition et Recherche<\/strong><br>Rencontre avec les parties prenantes<br>Observations sur site<br>Interviews et enqu\u00eates<br>Cr\u00e9ation de personas<br><strong>Semaine 3-4 : Id\u00e9ation et Co-cr\u00e9ation<\/strong><br>Ateliers de brainstorming<br>Mind mapping<br>Prototypage rapide<br><strong>Semaine 5-6 : Prototypage et Tests<\/strong><br>Construction de prototypes physiques<br>Tests utilisateurs et collecte de feedback<br>Affinage et retests des prototypes<br><strong>Semaine 7-8 : Impl\u00e9mentation et \u00c9valuation<\/strong><br>Installation du nouvel accueil<br>Formation du personnel<br>Mise en place des outils de feedback continus<br><strong>En suivant ce processus, l&rsquo;espace de vente devrait \u00eatre en mesure de cr\u00e9er un accueil qui non seulement r\u00e9pond aux besoins de ses utilisateurs, mais qui est \u00e9galement test\u00e9 et valid\u00e9 par eux, assurant ainsi une adoption et une satisfaction maximales.<\/strong><\/p>\n\n\n\n<figure class=\"wp-block-image size-large\"><img loading=\"lazy\" decoding=\"async\" width=\"724\" height=\"1024\" src=\"https:\/\/www.ledesignsocial.nc\/wp-content\/uploads\/2024\/07\/DESIGN-SOCIAL-24-juillet-2024-724x1024.png\" alt=\"\" class=\"wp-image-193\" srcset=\"https:\/\/www.ledesignsocial.nc\/wp-content\/uploads\/2024\/07\/DESIGN-SOCIAL-24-juillet-2024-724x1024.png 724w, https:\/\/www.ledesignsocial.nc\/wp-content\/uploads\/2024\/07\/DESIGN-SOCIAL-24-juillet-2024-212x300.png 212w, https:\/\/www.ledesignsocial.nc\/wp-content\/uploads\/2024\/07\/DESIGN-SOCIAL-24-juillet-2024-768x1086.png 768w, https:\/\/www.ledesignsocial.nc\/wp-content\/uploads\/2024\/07\/DESIGN-SOCIAL-24-juillet-2024-1086x1536.png 1086w, https:\/\/www.ledesignsocial.nc\/wp-content\/uploads\/2024\/07\/DESIGN-SOCIAL-24-juillet-2024-1448x2048.png 1448w, https:\/\/www.ledesignsocial.nc\/wp-content\/uploads\/2024\/07\/DESIGN-SOCIAL-24-juillet-2024-700x990.png 700w\" sizes=\"auto, (max-width: 724px) 100vw, 724px\" \/><\/figure>\n\n\n\n<figure class=\"wp-block-pullquote has-large-font-size\"><blockquote><p><strong>Mode op\u00e9ratoire d&rsquo;une intervention dans un cadre scolaire<\/strong><\/p><\/blockquote><\/figure>\n\n\n\n<p>Voici un d\u00e9roul\u00e9 qui offre une approche structur\u00e9e et collaborative pour utiliser le design social afin de r\u00e9parer et renforcer le climat scolaire apr\u00e8s une p\u00e9riode difficile, en mettant l&rsquo;accent sur l&rsquo;inclusion, la participation active et le d\u00e9veloppement des comp\u00e9tences socio-\u00e9motionnelles des \u00e9l\u00e8ves.<\/p>\n\n\n\n<p><strong>Phase 1: Diagnostic et Pr\u00e9paration<\/strong><br>\u00c9valuation initiale<br>Constitution d&rsquo;une \u00e9quipe de projet<br><strong>Phase 2: Co-conception et Planification<\/strong><br>Ateliers participatifs<br>\u00c9laboration d&rsquo;un plan d&rsquo;action<br><strong>Phase 3: Mise en \u0152uvre<\/strong><br>R\u00e9am\u00e9nagement des espaces<br>Programmes et activit\u00e9s socio-\u00e9ducatives<br><strong>Phase 4: Suivi et \u00c9valuation<\/strong><br>Suivi continu<br>\u00c9valuation finale<br><strong>Phase 5 : P\u00e9rennisation et Diffusion<\/strong><br>Int\u00e9gration dans la culture scolaire<br>Partage des r\u00e9sultats<\/p>\n\n\n\n<figure class=\"wp-block-image size-large\"><img loading=\"lazy\" decoding=\"async\" width=\"724\" height=\"1024\" src=\"https:\/\/www.ledesignsocial.nc\/wp-content\/uploads\/2024\/07\/DESIGN-SOCIAL-23-juillet-2024-724x1024.png\" alt=\"\" class=\"wp-image-195\" srcset=\"https:\/\/www.ledesignsocial.nc\/wp-content\/uploads\/2024\/07\/DESIGN-SOCIAL-23-juillet-2024-724x1024.png 724w, https:\/\/www.ledesignsocial.nc\/wp-content\/uploads\/2024\/07\/DESIGN-SOCIAL-23-juillet-2024-212x300.png 212w, https:\/\/www.ledesignsocial.nc\/wp-content\/uploads\/2024\/07\/DESIGN-SOCIAL-23-juillet-2024-768x1086.png 768w, https:\/\/www.ledesignsocial.nc\/wp-content\/uploads\/2024\/07\/DESIGN-SOCIAL-23-juillet-2024-1086x1536.png 1086w, https:\/\/www.ledesignsocial.nc\/wp-content\/uploads\/2024\/07\/DESIGN-SOCIAL-23-juillet-2024-1448x2048.png 1448w, https:\/\/www.ledesignsocial.nc\/wp-content\/uploads\/2024\/07\/DESIGN-SOCIAL-23-juillet-2024-700x990.png 700w\" sizes=\"auto, (max-width: 724px) 100vw, 724px\" \/><\/figure>\n","protected":false},"excerpt":{"rendered":"<p>Notre offre de service : Cr\u00e9er un laboratoire d\u2019innovation par les usages. l\u2019Atelier d\u2019Innovation Sociale du Pacifique afin de Faciliter la recherche de solutions ou d\u2019aboutissements de projets, d\u00e9finir le probl\u00e8me en s\u2019immergeant avec les utilisateurs et les parties prenantes, en vue d\u2019apporter une r\u00e9ponse plus appropri\u00e9e aux besoins des utilisateurs (promotion des exp\u00e9riences). Proposer [&hellip;]<\/p>\n","protected":false},"author":1,"featured_media":0,"parent":0,"menu_order":0,"comment_status":"closed","ping_status":"closed","template":"templates\/full-width-page.php","meta":{"footnotes":""},"class_list":["post-31","page","type-page","status-publish","hentry"],"_links":{"self":[{"href":"https:\/\/www.ledesignsocial.nc\/index.php\/wp-json\/wp\/v2\/pages\/31","targetHints":{"allow":["GET"]}}],"collection":[{"href":"https:\/\/www.ledesignsocial.nc\/index.php\/wp-json\/wp\/v2\/pages"}],"about":[{"href":"https:\/\/www.ledesignsocial.nc\/index.php\/wp-json\/wp\/v2\/types\/page"}],"author":[{"embeddable":true,"href":"https:\/\/www.ledesignsocial.nc\/index.php\/wp-json\/wp\/v2\/users\/1"}],"replies":[{"embeddable":true,"href":"https:\/\/www.ledesignsocial.nc\/index.php\/wp-json\/wp\/v2\/comments?post=31"}],"version-history":[{"count":14,"href":"https:\/\/www.ledesignsocial.nc\/index.php\/wp-json\/wp\/v2\/pages\/31\/revisions"}],"predecessor-version":[{"id":202,"href":"https:\/\/www.ledesignsocial.nc\/index.php\/wp-json\/wp\/v2\/pages\/31\/revisions\/202"}],"wp:attachment":[{"href":"https:\/\/www.ledesignsocial.nc\/index.php\/wp-json\/wp\/v2\/media?parent=31"}],"curies":[{"name":"wp","href":"https:\/\/api.w.org\/{rel}","templated":true}]}}