{"id":27,"date":"2020-07-26T05:05:49","date_gmt":"2020-07-26T03:05:49","guid":{"rendered":"http:\/\/s842438183.onlinehome.us\/?page_id=27"},"modified":"2020-07-27T12:01:50","modified_gmt":"2020-07-27T10:01:50","slug":"la-pensee-design","status":"publish","type":"page","link":"https:\/\/www.ledesignsocial.nc\/index.php\/la-pensee-design\/","title":{"rendered":"La pens\u00e9e design"},"content":{"rendered":"\n<p><em>La pens\u00e9e design est une approche de l\u2019innovation centr\u00e9e sur l\u2019utilisateur et les usages. Elle d\u00e9signe l\u2019ensemble des m\u00e9thodes et des outils qui aident, face \u00e0 un probl\u00e8me ou un projet d\u2019innovation, \u00e0 appliquer la d\u00e9marche d\u2019un designer, c\u2019est-\u00e0-dire \u00e0 penser un projet (produit ou service) dans son ensemble. L\u2019approche, qui conjugue pens\u00e9e analytique et pens\u00e9e intuitive, s\u2019appuie sur un processus collectif de co-cr\u00e9ativit\u00e9 impliquant des retours de l\u2019utilisateur.<\/em><\/p>\n\n\n\n<h3 class=\"wp-block-heading\"><span style=\"color:#e44906\" class=\"has-inline-color\">Ses avantages :<\/span><\/h3>\n\n\n\n<ul class=\"wp-block-list\"><li>R\u00e9soudre des probl\u00e8mes mal d\u00e9finis et\/ou complexes,<\/li><li>Placer l\u2019humain (utilisateur, usager, \u2026) au centre des pr\u00e9occupations,<\/li><li>Faire \u00e9merger des besoins latents non exprim\u00e9s,<\/li><li>Faire participer les utilisateurs \u00e0 la d\u00e9finition des solutions,<\/li><li>Recourir \u00e0 des prototypes basse fid\u00e9lit\u00e9 afin de r\u00e9duire les co\u00fbts et de rep\u00e9rer rapidement les erreurs ou les impasses,<\/li><li>Aboutir \u00e0 des solutions pertinentes en passant par une phase de test et d&rsquo;it\u00e9rations successives.<\/li><\/ul>\n\n\n\n<blockquote class=\"wp-block-quote is-layout-flow wp-block-quote-is-layout-flow\"><p><em><strong>Il semble \u00e9vident que le design, discipline ma\u00eetresse de la conception cr\u00e9ative, pr\u00e9sente un tr\u00e8s grand potentiel pour humaniser nos connaissances et am\u00e9liorer la vie des gens.<\/strong><\/em><\/p><\/blockquote>\n\n\n\n<p><\/p>\n","protected":false},"excerpt":{"rendered":"<p>La pens\u00e9e design est une approche de l\u2019innovation centr\u00e9e sur l\u2019utilisateur et les usages. Elle d\u00e9signe l\u2019ensemble des m\u00e9thodes et des outils qui aident, face \u00e0 un probl\u00e8me ou un projet d\u2019innovation, \u00e0 appliquer la d\u00e9marche d\u2019un designer, c\u2019est-\u00e0-dire \u00e0 penser un projet (produit ou service) dans son ensemble. L\u2019approche, qui conjugue pens\u00e9e analytique et [&hellip;]<\/p>\n","protected":false},"author":1,"featured_media":0,"parent":0,"menu_order":0,"comment_status":"closed","ping_status":"closed","template":"templates\/full-width-page.php","meta":{"footnotes":""},"class_list":["post-27","page","type-page","status-publish","hentry"],"_links":{"self":[{"href":"https:\/\/www.ledesignsocial.nc\/index.php\/wp-json\/wp\/v2\/pages\/27","targetHints":{"allow":["GET"]}}],"collection":[{"href":"https:\/\/www.ledesignsocial.nc\/index.php\/wp-json\/wp\/v2\/pages"}],"about":[{"href":"https:\/\/www.ledesignsocial.nc\/index.php\/wp-json\/wp\/v2\/types\/page"}],"author":[{"embeddable":true,"href":"https:\/\/www.ledesignsocial.nc\/index.php\/wp-json\/wp\/v2\/users\/1"}],"replies":[{"embeddable":true,"href":"https:\/\/www.ledesignsocial.nc\/index.php\/wp-json\/wp\/v2\/comments?post=27"}],"version-history":[{"count":4,"href":"https:\/\/www.ledesignsocial.nc\/index.php\/wp-json\/wp\/v2\/pages\/27\/revisions"}],"predecessor-version":[{"id":82,"href":"https:\/\/www.ledesignsocial.nc\/index.php\/wp-json\/wp\/v2\/pages\/27\/revisions\/82"}],"wp:attachment":[{"href":"https:\/\/www.ledesignsocial.nc\/index.php\/wp-json\/wp\/v2\/media?parent=27"}],"curies":[{"name":"wp","href":"https:\/\/api.w.org\/{rel}","templated":true}]}}