{"id":2,"date":"2020-07-17T06:33:17","date_gmt":"2020-07-17T04:33:17","guid":{"rendered":"http:\/\/s842438183.onlinehome.us\/?page_id=2"},"modified":"2021-02-04T16:14:45","modified_gmt":"2021-02-04T05:14:45","slug":"histoire","status":"publish","type":"page","link":"https:\/\/www.ledesignsocial.nc\/index.php\/histoire\/","title":{"rendered":"L&rsquo;Histoire"},"content":{"rendered":"\n<h6 class=\"wp-block-heading\"><em><span style=\"color:#a6a3a1\" class=\"has-inline-color\">Le concept de la pens\u00e9e design (ou design thinking) a \u00e9t\u00e9 \u00e9labor\u00e9 en 1980 aux Etats-Unis \u00e0 l\u2019universit\u00e9 de Stanford (Californie), puis d\u00e9velopp\u00e9 dans sa forme actuelle par la soci\u00e9t\u00e9 IDEO qui a notamment r\u00e9alis\u00e9 la conception de la premi\u00e8re souris Apple.<\/span><\/em><\/h6>\n\n\n\n<blockquote class=\"wp-block-quote is-layout-flow wp-block-quote-is-layout-flow\"><p><em><strong>Cette m\u00e9thodologie de conception s\u2019est ensuite diffus\u00e9e dans le monde entier en \u00e9largissant ses champs d\u2019action : con\u00e7ue au d\u00e9part pour l\u2019industrie, elle constitue aujourd\u2019hui la base du design social.<\/strong><\/em><\/p><\/blockquote>\n\n\n\n<p><\/p>\n","protected":false},"excerpt":{"rendered":"<p>Le concept de la pens\u00e9e design (ou design thinking) a \u00e9t\u00e9 \u00e9labor\u00e9 en 1980 aux Etats-Unis \u00e0 l\u2019universit\u00e9 de Stanford (Californie), puis d\u00e9velopp\u00e9 dans sa forme actuelle par la soci\u00e9t\u00e9 IDEO qui a notamment r\u00e9alis\u00e9 la conception de la premi\u00e8re souris Apple. Cette m\u00e9thodologie de conception s\u2019est ensuite diffus\u00e9e dans le monde entier en \u00e9largissant [&hellip;]<\/p>\n","protected":false},"author":1,"featured_media":0,"parent":0,"menu_order":0,"comment_status":"closed","ping_status":"closed","template":"templates\/full-width-page.php","meta":{"footnotes":""},"class_list":["post-2","page","type-page","status-publish","hentry"],"_links":{"self":[{"href":"https:\/\/www.ledesignsocial.nc\/index.php\/wp-json\/wp\/v2\/pages\/2","targetHints":{"allow":["GET"]}}],"collection":[{"href":"https:\/\/www.ledesignsocial.nc\/index.php\/wp-json\/wp\/v2\/pages"}],"about":[{"href":"https:\/\/www.ledesignsocial.nc\/index.php\/wp-json\/wp\/v2\/types\/page"}],"author":[{"embeddable":true,"href":"https:\/\/www.ledesignsocial.nc\/index.php\/wp-json\/wp\/v2\/users\/1"}],"replies":[{"embeddable":true,"href":"https:\/\/www.ledesignsocial.nc\/index.php\/wp-json\/wp\/v2\/comments?post=2"}],"version-history":[{"count":5,"href":"https:\/\/www.ledesignsocial.nc\/index.php\/wp-json\/wp\/v2\/pages\/2\/revisions"}],"predecessor-version":[{"id":90,"href":"https:\/\/www.ledesignsocial.nc\/index.php\/wp-json\/wp\/v2\/pages\/2\/revisions\/90"}],"wp:attachment":[{"href":"https:\/\/www.ledesignsocial.nc\/index.php\/wp-json\/wp\/v2\/media?parent=2"}],"curies":[{"name":"wp","href":"https:\/\/api.w.org\/{rel}","templated":true}]}}